{"id":127,"date":"2023-07-20T12:03:54","date_gmt":"2023-07-20T10:03:54","guid":{"rendered":"https:\/\/biegetechnik-kuenne.de\/wp622\/?page_id=127"},"modified":"2023-07-25T14:38:07","modified_gmt":"2023-07-25T12:38:07","slug":"impressum","status":"publish","type":"page","link":"https:\/\/biegetechnik-kuenne.de\/wp622\/impressum\/","title":{"rendered":"Impressum"},"content":{"rendered":"<div data-colibri-id=\"127-c1\" class=\"style-296 style-local-127-c1 position-relative\">\n  <!---->\n  <div data-colibri-component=\"section\" data-colibri-id=\"127-c2\" id=\"custom\" class=\"h-section h-section-global-spacing d-flex align-items-lg-center align-items-md-center align-items-center style-297 style-local-127-c2 position-relative\">\n    <!---->\n    <!---->\n    <div class=\"h-section-grid-container h-section-boxed-container\">\n      <!---->\n      <div data-colibri-id=\"127-c5\" class=\"h-row-container gutters-row-lg-2 gutters-row-md-2 gutters-row-0 gutters-row-v-lg-2 gutters-row-v-md-2 gutters-row-v-2 style-300 style-local-127-c5 position-relative\">\n        <!---->\n        <div class=\"h-row justify-content-lg-center justify-content-md-center justify-content-center align-items-lg-stretch align-items-md-stretch align-items-stretch gutters-col-lg-2 gutters-col-md-2 gutters-col-0 gutters-col-v-lg-2 gutters-col-v-md-2 gutters-col-v-2\">\n          <!---->\n          <div class=\"h-column h-column-container d-flex h-col-lg-auto h-col-md-auto h-col-auto style-301-outer style-local-127-c6-outer\">\n            <div data-colibri-id=\"127-c6\" class=\"d-flex h-flex-basis h-column__inner h-px-lg-2 h-px-md-2 h-px-2 v-inner-lg-2 v-inner-md-2 v-inner-2 style-301 style-local-127-c6 position-relative\">\n              <!---->\n              <!---->\n              <div class=\"w-100 h-y-container h-column__content h-column__v-align flex-basis-100 align-self-lg-start align-self-md-start align-self-start\">\n                <!---->\n                <div data-colibri-id=\"127-c7\" class=\"h-text h-text-component style-302 style-local-127-c7 position-relative h-element\">\n                  <!---->\n                  <!---->\n                  <div class=\"\">\n                    <p><strong style=\"font-weight: 700;\">Angaben gem\u00e4\u00df \u00a7 5 TMG:<\/strong>\n                      <br>Alexander und Tobias K\u00fcnne<\/p>\n                    <p>Metall- und Biegetechnik K\u00fcnne\n                      <br>Martin-Selber-Stra\u00dfe&nbsp;13c\n                      <br>39164 Wanzleben&nbsp;\u2013&nbsp;B\u00f6rde OT Domersleben GmbH<\/p>\n                    <p>Telefon:&nbsp;039209 3037\n                      <br>Telefax:&nbsp;039209 46584\n                      <br>E-Mail:&nbsp;info@biegetechnik-kuenne.de<\/p>\n                    <p><strong style=\"font-weight: 700;\">Umsatzsteuer-ID:<\/strong>\n                      <br>Umsatzsteuer-Identifikationsnummer gem\u00e4\u00df \u00a727 a Umsatzsteuergesetz:\n                      <br>DE355368302<\/p>\n                    <p><strong style=\"font-weight: 700; font-size: 16px; font-family: &quot;Open Sans&quot;; color: rgb(70, 112, 127);\">Amtsgericht:<\/strong>\n                      <br>Stendal HRB 31645&nbsp;<\/p>\n                    <p><strong style=\"font-weight: 700;\">Haftungsausschluss (Disclaimer)<\/strong>\n                      <br><em style=\"font-size: inherit;\">Haftung f\u00fcr Inhalte<\/em>\n                      <br>Als Diensteanbieter sind wir gem\u00e4\u00df \u00a7 7 Abs.1 TMG f\u00fcr eigene Inhalte auf diesen Seiten nach den allgemeinen Gesetzen verantwortlich. Nach \u00a7\u00a7 8 bis 10 TMG sind wir als Diensteanbieter jedoch nicht verpflichtet, \u00fcbermittelte oder gespeicherte\n                      fremde Informationen zu \u00fcberwachen oder nach Umst\u00e4nden zu forschen, die auf eine rechtswidrige T\u00e4tigkeit hinweisen. Verpflichtungen zur Entfernung oder Sperrung der Nutzung von Informationen nach den allgemeinen Gesetzen bleiben\n                      hiervon unber\u00fchrt. Eine diesbez\u00fcgliche Haftung ist jedoch erst ab dem Zeitpunkt der Kenntnis einer konkreten Rechtsverletzung m\u00f6glich. Bei Bekanntwerden von entsprechenden Rechtsverletzungen werden wir diese Inhalte umgehend entfernen.<\/p>\n                    <p><em style=\"font-size: inherit;\">Haftung f\u00fcr Links<\/em>\n                      <br>Unser Angebot enth\u00e4lt Links zu externen Webseiten Dritter, auf deren Inhalte wir keinen Einfluss haben. Deshalb k\u00f6nnen wir f\u00fcr diese fremden Inhalte auch keine Gew\u00e4hr \u00fcbernehmen. F\u00fcr die Inhalte der verlinkten Seiten ist stets der\n                      jeweilige Anbieter oder Betreiber der Seiten verantwortlich. Die verlinkten Seiten wurden zum Zeitpunkt der Verlinkung auf m\u00f6gliche Rechtsverst\u00f6\u00dfe \u00fcberpr\u00fcft. Rechtswidrige Inhalte waren zum Zeitpunkt der Verlinkung nicht erkennbar.\n                      Eine permanente inhaltliche Kontrolle der verlinkten Seiten ist jedoch ohne konkrete Anhaltspunkte einer Rechtsverletzung nicht zumutbar. Bei Bekanntwerden von Rechtsverletzungen werden wir derartige Links umgehend entfernen.<\/p>\n                    <p><em style=\"font-size: inherit;\">Urheberrecht<\/em>\n                      <br>Die durch die Seitenbetreiber erstellten Inhalte und Werke auf diesen Seiten unterliegen dem deutschen Urheberrecht. Die Vervielf\u00e4ltigung, Bearbeitung, Verbreitung und jede Art der Verwertung au\u00dferhalb der Grenzen des Urheberrechtes\n                      bed\u00fcrfen der schriftlichen Zustimmung des jeweiligen Autors bzw. Erstellers. Downloads und Kopien dieser Seite sind nur f\u00fcr den privaten, nicht kommerziellen Gebrauch gestattet. Soweit die Inhalte auf dieser Seite nicht vom Betreiber\n                      erstellt wurden, werden die Urheberrechte Dritter beachtet. Insbesondere werden Inhalte Dritter als solche gekennzeichnet. Sollten Sie trotzdem auf eine Urheberrechtsverletzung aufmerksam werden, bitten wir um einen entsprechenden\n                      Hinweis. Bei Bekanntwerden von Rechtsverletzungen werden wir derartige Inhalte umgehend entfernen.<\/p>\n                    <p>\n                      <br>\n                    <\/p>\n                  <\/div>\n                <\/div>\n              <\/div>\n            <\/div>\n          <\/div>\n        <\/div>\n      <\/div>\n      <div data-colibri-id=\"127-c3\" class=\"h-row-container gutters-row-lg-2 gutters-row-md-2 gutters-row-0 gutters-row-v-lg-2 gutters-row-v-md-2 gutters-row-v-2 style-298 style-local-127-c3 position-relative\">\n        <!---->\n        <div class=\"h-row justify-content-lg-center justify-content-md-center justify-content-center align-items-lg-stretch align-items-md-stretch align-items-stretch gutters-col-lg-2 gutters-col-md-2 gutters-col-0 gutters-col-v-lg-2 gutters-col-v-md-2 gutters-col-v-2\">\n          <!---->\n          <div class=\"h-column h-column-container d-flex h-col-lg-auto h-col-md-auto h-col-auto style-299-outer style-local-127-c4-outer\">\n            <div data-colibri-id=\"127-c4\" class=\"d-flex h-flex-basis h-column__inner h-ui-empty-state-container h-px-lg-2 h-px-md-2 h-px-2 v-inner-lg-2 v-inner-md-2 v-inner-2 style-299 style-local-127-c4 position-relative\">\n              <!---->\n              <!---->\n              <div class=\"w-100 h-y-container h-column__content h-column__v-align flex-basis-100\">\n                <!---->\n              <\/div>\n            <\/div>\n          <\/div>\n        <\/div>\n      <\/div>\n    <\/div>\n  <\/div>\n<\/div>","protected":false},"excerpt":{"rendered":"<p>Angaben gem\u00e4\u00df \u00a7 5 TMG: Alexander und Tobias K\u00fcnne Metall- und Biegetechnik K\u00fcnne Martin-Selber-Stra\u00dfe&nbsp;13c 39164 Wanzleben&nbsp;\u2013&nbsp;B\u00f6rde OT Domersleben GmbH Telefon:&nbsp;039209 3037 Telefax:&nbsp;039209 46584 E-Mail:&nbsp;info@biegetechnik-kuenne.de Umsatzsteuer-ID: Umsatzsteuer-Identifikationsnummer gem\u00e4\u00df \u00a727 a Umsatzsteuergesetz: DE355368302 Amtsgericht: Stendal HRB 31645&nbsp; Haftungsausschluss (Disclaimer) Haftung f\u00fcr Inhalte Als Diensteanbieter sind wir gem\u00e4\u00df \u00a7 7 Abs.1 TMG f\u00fcr eigene Inhalte auf diesen Seiten [&hellip;]<\/p>\n","protected":false},"author":1,"featured_media":0,"parent":0,"menu_order":100,"comment_status":"closed","ping_status":"closed","template":"page-templates\/full-width-page.php","meta":{"footnotes":""},"class_list":["post-127","page","type-page","status-publish","hentry"],"_links":{"self":[{"href":"https:\/\/biegetechnik-kuenne.de\/wp622\/wp-json\/wp\/v2\/pages\/127","targetHints":{"allow":["GET"]}}],"collection":[{"href":"https:\/\/biegetechnik-kuenne.de\/wp622\/wp-json\/wp\/v2\/pages"}],"about":[{"href":"https:\/\/biegetechnik-kuenne.de\/wp622\/wp-json\/wp\/v2\/types\/page"}],"author":[{"embeddable":true,"href":"https:\/\/biegetechnik-kuenne.de\/wp622\/wp-json\/wp\/v2\/users\/1"}],"replies":[{"embeddable":true,"href":"https:\/\/biegetechnik-kuenne.de\/wp622\/wp-json\/wp\/v2\/comments?post=127"}],"version-history":[{"count":2,"href":"https:\/\/biegetechnik-kuenne.de\/wp622\/wp-json\/wp\/v2\/pages\/127\/revisions"}],"predecessor-version":[{"id":279,"href":"https:\/\/biegetechnik-kuenne.de\/wp622\/wp-json\/wp\/v2\/pages\/127\/revisions\/279"}],"wp:attachment":[{"href":"https:\/\/biegetechnik-kuenne.de\/wp622\/wp-json\/wp\/v2\/media?parent=127"}],"curies":[{"name":"wp","href":"https:\/\/api.w.org\/{rel}","templated":true}]}}