{"id":130,"date":"2023-07-20T12:05:11","date_gmt":"2023-07-20T10:05:11","guid":{"rendered":"https:\/\/biegetechnik-kuenne.de\/wp622\/?page_id=130"},"modified":"2023-07-20T13:39:03","modified_gmt":"2023-07-20T11:39:03","slug":"kontakt","status":"publish","type":"page","link":"https:\/\/biegetechnik-kuenne.de\/wp622\/kontakt\/","title":{"rendered":"Kontakt"},"content":{"rendered":"<div data-colibri-id=\"130-c1\" class=\"style-195 style-local-130-c1 position-relative\">\n  <!---->\n  <div data-colibri-component=\"section\" data-colibri-id=\"130-c2\" id=\"contact\" class=\"h-section h-section-global-spacing d-flex align-items-lg-center align-items-md-center align-items-center style-197 style-local-130-c2 position-relative\">\n    <div class=\"background-wrapper\">\n      <div class=\"background-layer background-layer-media-container-lg\">\n        <!---->\n        <div class=\"overlay-layer\">\n          <div class=\"overlay-image-layer\" style=\"background-color: rgb(23, 37, 42); opacity: 0.5;\"><\/div>\n        <\/div>\n      <\/div>\n      <div class=\"background-layer background-layer-media-container-md\">\n        <!---->\n        <div class=\"overlay-layer\">\n          <div class=\"overlay-image-layer\" style=\"background-color: rgb(23, 37, 42); opacity: 0.5;\"><\/div>\n        <\/div>\n      <\/div>\n      <div class=\"background-layer background-layer-media-container\">\n        <!---->\n        <div class=\"overlay-layer\">\n          <div class=\"overlay-image-layer\" style=\"background-color: rgb(23, 37, 42); opacity: 0.5;\"><\/div>\n        <\/div>\n      <\/div>\n    <\/div>\n    <!---->\n    <div class=\"h-section-grid-container h-section-boxed-container\">\n      <!---->\n      <div data-colibri-id=\"130-c3\" class=\"h-row-container gutters-row-lg-2 gutters-row-md-2 gutters-row-2 gutters-row-v-lg-2 gutters-row-v-md-2 gutters-row-v-2 style-198 style-local-130-c3 position-relative\">\n        <!---->\n        <div class=\"h-row justify-content-lg-center justify-content-md-center justify-content-center align-items-lg-stretch align-items-md-stretch align-items-stretch gutters-col-lg-2 gutters-col-md-2 gutters-col-2 gutters-col-v-lg-2 gutters-col-v-md-2 gutters-col-v-2\">\n          <!---->\n          <div class=\"h-column h-column-container d-flex h-col-lg-auto h-col-md-auto h-col-auto style-199-outer style-local-130-c4-outer\">\n            <div data-colibri-id=\"130-c4\" class=\"d-flex h-flex-basis h-column__inner h-px-lg-0 h-px-md-0 h-px-0 v-inner-lg-0 v-inner-md-0 v-inner-0 style-199 style-local-130-c4 position-relative\">\n              <!---->\n              <!---->\n              <div class=\"w-100 h-y-container h-column__content h-column__v-align flex-basis-100 align-self-lg-start align-self-md-start align-self-start\">\n                <!---->\n                <div data-colibri-id=\"130-c5\" class=\"h-row-container gutters-row-lg-0 gutters-row-md-0 gutters-row-0 gutters-row-v-lg-0 gutters-row-v-md-0 gutters-row-v-0 style-200 style-local-130-c5 position-relative\">\n                  <!---->\n                  <div class=\"h-row justify-content-lg-center justify-content-md-center justify-content-center align-items-lg-stretch align-items-md-stretch align-items-stretch gutters-col-lg-0 gutters-col-md-0 gutters-col-0 gutters-col-v-lg-0 gutters-col-v-md-0 gutters-col-v-0\">\n                    <!---->\n                    <div class=\"h-column h-column-container d-flex h-col-lg-auto h-col-md-auto h-col-auto style-201-outer style-local-130-c6-outer\">\n                      <div data-colibri-id=\"130-c6\" class=\"d-flex h-flex-basis h-column__inner h-px-lg-0 h-px-md-0 h-px-0 v-inner-lg-0 v-inner-md-0 v-inner-0 style-201 style-local-130-c6 position-relative\">\n                        <!---->\n                        <!---->\n                        <div class=\"w-100 h-y-container h-column__content h-column__v-align flex-basis-100 align-self-lg-start align-self-md-start align-self-start\">\n                          <!---->\n                          <div data-colibri-id=\"130-c7\" class=\"h-global-transition-all h-heading style-202 style-local-130-c7 position-relative h-element\">\n                            <!---->\n                            <div class=\"h-heading__outer style-202 style-local-130-c7\">\n                              <!---->\n                              <!---->\n                              <h4 class=\"\">SCHNELL\n                                <br>Aktion<\/h4>\n                            <\/div>\n                          <\/div>\n                          <div data-colibri-id=\"130-c8\" class=\"h-icon style-203 style-local-130-c8 position-relative h-element\">\n                            <!---->\n                            <a href=\"tel:0392093037\" h-use-smooth-scroll=\"true\"><span class=\"h-svg-icon h-icon__icon style-203-icon style-local-130-c8-icon\"><!--Icon by Icons8 Line Awesome (https:\/\/icons8.com\/line-awesome)--><svg version=\"1.1\" xmlns=\"http:\/\/www.w3.org\/2000\/svg\" xmlns:xlink=\"http:\/\/www.w3.org\/1999\/xlink\" id=\"phone\" viewBox=\"0 0 512 545.5\"><path d=\"M138.5 80c8.375 0 16.656 3.024 23.5 8.5l1 .5.5.5 64 66 1.5 1.5-.5.5c14.174 13.212 13.968 35.53.5 49l-32 32c4.92 11.277 18.33 40.02 44.5 65 26.358 25.16 53.932 39.467 65.5 45l31.5-31.5.5-.5c13.28-13.28 36.72-13.28 50 0l.5 1 65 65c13.28 13.28 13.28 36.22 0 49.5L405 481.5l-.5.5-.5.5c-15.01 12.867-36.04 17.486-55.5 11h-.5c-37.55-14.693-113.51-48.01-181.5-116C98.773 309.773 64.052 234.84 50.5 196c-.035-.1.034-.4 0-.5-6.703-18.434-1.915-39.738 13.5-54l-.5-.5 50-51.5.5-.5 1-.5c6.844-5.476 15.125-8.5 23.5-8.5zm0 32c-1.172 0-2.344.575-3.5 1.5L86.5 163l-.5.5-.5.5c-5.674 4.863-7.44 14.493-5 21 12.12 34.847 45.2 106.7 108.5 170 62.784 62.784 133.224 93.76 169.5 108 9.34 3.113 17.11 1.833 24.5-4.5l49-49c2.72-2.72 2.72-1.78 0-4.5l-65.5-65.5c-2.72-2.72-2.28-2.72-5 0l-40 40-7.5 7.5-10-4.5s-43.83-18.552-81-52.5l-3.5-3c-38.595-36.84-57-86-57-86l-3.5-10 7.5-7 40-40c1.966-1.966.874-3.6 1-3.5l-.5-.5-1-1-64-65.5c-1.156-.925-2.328-1.5-3.5-1.5z\"><\/path><\/svg><\/span><\/a>\n                          <\/div>\n                          <div data-colibri-id=\"130-c9\" class=\"h-icon style-210 style-local-130-c9 position-relative h-element\">\n                            <!---->\n                            <a href=\"mailto:info@biegetechnik-kuenne.de\" h-use-smooth-scroll=\"true\"><span class=\"h-svg-icon h-icon__icon style-210-icon style-local-130-c9-icon\"><!--Icon by Font Awesome (https:\/\/fontawesome.com)-->\n    <svg version=\"1.1\" xmlns=\"http:\/\/www.w3.org\/2000\/svg\" xmlns:xlink=\"http:\/\/www.w3.org\/1999\/xlink\" id=\"envelope-o\" viewBox=\"0 0 1792 1896.0833\">\n      <path d=\"M1664 1504V736q-32 36-69 66-268 206-426 338-51 43-83 67t-86.5 48.5T897 1280h-2q-48 0-102.5-24.5T706 1207t-83-67q-158-132-426-338-37-30-69-66v768q0 13 9.5 22.5t22.5 9.5h1472q13 0 22.5-9.5t9.5-22.5zm0-1051v-24.5l-.5-13-3-12.5-5.5-9-9-7.5-14-2.5H160q-13 0-22.5 9.5T128 416q0 168 147 284 193 152 401 317 6 5 35 29.5t46 37.5 44.5 31.5T852 1143t43 9h2q20 0 43-9t50.5-27.5 44.5-31.5 46-37.5 35-29.5q208-165 401-317 54-43 100.5-115.5T1664 453zm128-37v1088q0 66-47 113t-113 47H160q-66 0-113-47T0 1504V416q0-66 47-113t113-47h1472q66 0 113 47t47 113z\"><\/path>\n    <\/svg><\/span><\/a>\n                          <\/div>\n                          <div data-colibri-id=\"130-c14\" class=\"h-icon style-216 style-local-130-c14 position-relative h-element\">\n                            <!---->\n                            <a href=\"https:\/\/www.google.com\/maps\/dir\/\/Metall-+und+Biegetechnik+K\u00fcnne+GmbH+Martin-Selber-Stra\u00dfe+13C+39164+Wanzleben-B\u00f6rde\/@52.0950489,11.4369817,16z\/data=!4m8!4m7!1m0!1m5!1m1!1s0x47a58bb09710c35b:0xe5d66fb0423299c2!2m2!1d11.4369817!2d52.0950489?entry=ttu\"\n                              h-use-smooth-scroll=\"true\"><span class=\"h-svg-icon h-icon__icon style-216-icon style-local-130-c14-icon\"><!--Icon by Icons8 Line Awesome (https:\/\/icons8.com\/line-awesome)--><svg version=\"1.1\" xmlns=\"http:\/\/www.w3.org\/2000\/svg\" xmlns:xlink=\"http:\/\/www.w3.org\/1999\/xlink\" id=\"map-marker\" viewBox=\"0 0 512 545.5\"><path d=\"M256 80c79.336 0 144 64.664 144 144 0 22.5-9.116 48.313-21.5 76.5s-28.314 58.098-44.5 86C301.628 442.306 269 489 269 489l-13 19-13-19s-32.628-46.694-65-102.5c-16.186-27.902-32.116-57.813-44.5-86S112 246.5 112 224c0-79.336 64.664-144 144-144zm0 32c-62.04 0-112 49.96-112 112 0 12.844 6.884 37.06 18.5 63.5s27.686 55.738 43.5 83c25.155 43.364 40.74 66.3 50 80 9.26-13.7 24.845-36.636 50-80 15.815-27.262 31.884-56.56 43.5-83S368 236.844 368 224c0-62.04-49.96-112-112-112zm0 80c17.673 0 32 14.327 32 32s-14.327 32-32 32-32-14.327-32-32 14.327-32 32-32z\"><\/path><\/svg><\/span><\/a>\n                          <\/div>\n                          <div data-colibri-id=\"130-c10\" class=\"h-global-transition-all h-heading style-204 style-local-130-c10 position-relative h-element\">\n                            <!---->\n                            <div class=\"h-heading__outer style-204 style-local-130-c10\">\n                              <!---->\n                              <!---->\n                              <h5 class=\"\">Klick auf das Icon!<\/h5>\n                            <\/div>\n                          <\/div>\n                        <\/div>\n                      <\/div>\n                    <\/div>\n                    <div class=\"h-column h-column-container d-flex h-col-lg-auto h-col-md-auto h-col-auto style-206-outer style-local-130-c11-outer\">\n                      <div data-colibri-id=\"130-c11\" class=\"d-flex h-flex-basis h-column__inner h-px-lg-3 h-px-md-3 h-px-3 v-inner-lg-3 v-inner-md-3 v-inner-3 style-206 style-local-130-c11 position-relative\">\n                        <!---->\n                        <!---->\n                        <div class=\"w-100 h-y-container h-column__content h-column__v-align flex-basis-100 align-self-lg-center align-self-md-center align-self-center\">\n                          <!---->\n                          <div data-colibri-id=\"130-c12\" class=\"h-text h-text-component style-208 style-local-130-c12 position-relative h-element\">\n                            <!---->\n                            <!---->\n                            <div class=\"\">\n                              <p>Metall- und Biegetechnik K\u00fcnne GmbH\n                                <br>Martin-Selber-Stra\u00dfe 13c\n                                <br>OT Domersleben\n                                <br>39164 Wanzleben-B\u00f6rde\n                                <br>\n                              <\/p>\n                              <p>Telefon: 039209 3037\n                                <br>Fax: 039209 64584<\/p>\n                              <p>E-Mail:&nbsp;\n                                <a href=\"mailto:info@biegetechnik-kuenne.de\">info@biegetechnik-kuenne.de<\/a>\n                              <\/p>\n                            <\/div>\n                          <\/div>\n                          <div data-colibri-id=\"130-c13\" class=\"style-214 style-local-130-c13 position-relative h-element\">\n                            <!---->\n                            <div class=\"h-global-transition-all h-global-transition h-global-transition-all h-contact-form-shortcode\"><iframe src=\"https:\/\/www.google.com\/maps\/embed?pb=!1m18!1m12!1m3!1d2451.1582108043744!2d11.434406777019817!3d52.09505216760388!2m3!1f0!2f0!3f0!3m2!1i1024!2i768!4f13.1!3m3!1m2!1s0x47a58bb09710c35b%3A0xe5d66fb0423299c2!2sMetall-%20und%20Biegetechnik%20K%C3%BCnne%20GmbH!5e0!3m2!1sde!2sde!4v1689850348102!5m2!1sde!2sde\" width=\"600\" height=\"450\" style=\"border:0;\" allowfullscreen=\"\" loading=\"lazy\" referrerpolicy=\"no-referrer-when-downgrade\"><\/iframe><\/div>\n                          <\/div>\n                        <\/div>\n                      <\/div>\n                    <\/div>\n                  <\/div>\n                <\/div>\n              <\/div>\n            <\/div>\n          <\/div>\n        <\/div>\n      <\/div>\n    <\/div>\n  <\/div>\n<\/div>","protected":false},"excerpt":{"rendered":"<p>SCHNELL Aktion Klick auf das Icon! Metall- und Biegetechnik K\u00fcnne GmbH Martin-Selber-Stra\u00dfe 13c OT Domersleben 39164 Wanzleben-B\u00f6rde Telefon: 039209 3037 Fax: 039209 64584 E-Mail:&nbsp; info@biegetechnik-kuenne.de<\/p>\n","protected":false},"author":1,"featured_media":0,"parent":0,"menu_order":50,"comment_status":"closed","ping_status":"closed","template":"page-templates\/full-width-page.php","meta":{"footnotes":""},"class_list":["post-130","page","type-page","status-publish","hentry"],"_links":{"self":[{"href":"https:\/\/biegetechnik-kuenne.de\/wp622\/wp-json\/wp\/v2\/pages\/130","targetHints":{"allow":["GET"]}}],"collection":[{"href":"https:\/\/biegetechnik-kuenne.de\/wp622\/wp-json\/wp\/v2\/pages"}],"about":[{"href":"https:\/\/biegetechnik-kuenne.de\/wp622\/wp-json\/wp\/v2\/types\/page"}],"author":[{"embeddable":true,"href":"https:\/\/biegetechnik-kuenne.de\/wp622\/wp-json\/wp\/v2\/users\/1"}],"replies":[{"embeddable":true,"href":"https:\/\/biegetechnik-kuenne.de\/wp622\/wp-json\/wp\/v2\/comments?post=130"}],"version-history":[{"count":8,"href":"https:\/\/biegetechnik-kuenne.de\/wp622\/wp-json\/wp\/v2\/pages\/130\/revisions"}],"predecessor-version":[{"id":178,"href":"https:\/\/biegetechnik-kuenne.de\/wp622\/wp-json\/wp\/v2\/pages\/130\/revisions\/178"}],"wp:attachment":[{"href":"https:\/\/biegetechnik-kuenne.de\/wp622\/wp-json\/wp\/v2\/media?parent=130"}],"curies":[{"name":"wp","href":"https:\/\/api.w.org\/{rel}","templated":true}]}}